{"id":96,"date":"2016-03-10T11:36:56","date_gmt":"2016-03-10T10:36:56","guid":{"rendered":"https:\/\/agt.624.mytemp.website\/rlwp\/?page_id=96"},"modified":"2025-03-01T12:10:44","modified_gmt":"2025-03-01T11:10:44","slug":"literatur","status":"publish","type":"page","link":"https:\/\/www.zeit-geschichte.com\/rlwp\/literatur\/","title":{"rendered":"Literatur"},"content":{"rendered":"\r\n<figure class=\"wp-block-image size-full is-resized\"><img loading=\"lazy\" decoding=\"async\" class=\"wp-image-906\" src=\"https:\/\/agt.624.mytemp.website\/rlwp\/wp-content\/uploads\/2022\/08\/cover_siegfried-6.jpg\" alt=\"\" width=\"384\" height=\"511\" srcset=\"https:\/\/www.zeit-geschichte.com\/rlwp\/wp-content\/uploads\/2022\/08\/cover_siegfried-6.jpg 640w, https:\/\/www.zeit-geschichte.com\/rlwp\/wp-content\/uploads\/2022\/08\/cover_siegfried-6-225x300.jpg 225w\" sizes=\"auto, (max-width: 384px) 100vw, 384px\" \/><\/figure>\r\n\r\n\r\n\r\n<h3 class=\"wp-block-heading\"><strong>Rudolf Leo, Versteckt und verschwiegen, Erinnerungen von Siegfried Loewe, Otto M\u00fcller Verlag, Salzburg 2022<\/strong><\/h3>\r\n\r\n\r\n\r\n<p>Nur wenigen wird die Auszeichnung zuteil, eine &#8222;Gerechte unter den V\u00f6lkern&#8220; zu sein. Die damals 100-j\u00e4hrige Andr\u00e9e Geulen als Br\u00fcssel geh\u00f6rt dazu. W\u00e4hrend der NS-Zeit versteckte sie in Belgien j\u00fcdische Kinder und bewahrte sie vor dem sicheren Tod. Viele haben ihre Eltern nie wiedergesehen und wurden in Adoptivfamilien gro\u00dfgezogen.<\/p>\r\n\r\n\r\n\r\n<p>So erging es auch Siegfried Loewe und seiner Schwester Rebecca, die als Kleinkinder von 1942 bis 1945 versteckt wurden. Nach Kriegsende und sp\u00e4ter im Leben, als Siegfried Loewe l\u00e4ngst mehrere Studien abgeschlossen hatte, erfolgreich war und privates Gl\u00fcck gefunden hatte, stellte er stets fest, dass das Verstecken nie ganz aufgeh\u00f6rt hat. Im hohen Alter beschloss er, seine Geschichte offenzulegen und damit alles, was dazugeh\u00f6rt: \u00c4ngste, Scham, Wut, Trauer \u00fcber Verlorenes. Der Wiener Historiker Rudolf Leo hat Siegfrieds Erz\u00e4hlung aufgeschrieben, Fakten recherchiert und Archivmaterial hinzugezogen. So entstand das Portr\u00e4t einer Reise von Br\u00fcssel nach Wien &#8211; mit vielen schmerzhaften Stationen, mit ungeplanten Zwischenstopps, aber auch mit hoffnungsvollen Ausblicken und einem Ankommen am Ende.<\/p>\r\n\r\n\r\n\r\n<p>Andr\u00e9e Geulen durfte sich im Herbst 2021 \u00fcber eine Gl\u00fcckwunschkarte aus Wien freuen: von Siegfried Loewe, geb. Grossmann, der ihr sein Leben verdankt.<\/p>\r\n<p>&nbsp;<\/p>\r\n<h2 style=\"text-align: center;\">****<\/h2>\r\n\r\n\r\n\r\n<p>&nbsp;<\/p>\r\n\r\n\r\n\r\n<figure class=\"wp-block-image\"><img loading=\"lazy\" decoding=\"async\" width=\"225\" height=\"300\" class=\"wp-image-491\" src=\"https:\/\/agt.624.mytemp.website\/rlwp\/wp-content\/uploads\/2019\/04\/cover_dachaureif-225x300.jpg\" alt=\"\"><\/figure>\r\n\r\n\r\n\r\n<h3 class=\"has-medium-font-size wp-block-heading\"><strong>\u201edachaureif\u201c &#8211; Der \u00d6sterreicher-Transport aus Wien in das Konzentrationslager Dachau am 1.\/2. April 1938: &#8211; Biografische Skizzen der Opfer\u201c<\/strong><\/h3>\r\n\r\n\r\n\r\n<pre>Claudia Kuretsidis-Haider und Rudolf Leo<\/pre>\r\n\r\n\r\n\r\n<p>Am Morgen des 12. M\u00e4rz 1938 \u00fcberschritten die Truppen der Deutschen Wehrmacht \u00d6sterreichs Grenzen und bereits am 1. April 1938 ging der erste Transport mit 150 Verhafteten vom Wiener Westbahnhof in das KZ Dachau. Darunter befanden sich unter anderem Angeh\u00f6rige der Vaterl\u00e4ndischen Front, aber auch deren politische Gegner, Sozialdemokraten und Kommunisten, sowie eine gr\u00f6\u00dfere Gruppe bekannter j\u00fcdischer K\u00fcnstler und Wirtschaftstreibender. Aufbauend auf die von Wolfgang Neugebauer und Peter Schwarz im Jahr 2008 herausgegebene Brosch\u00fcre \u201eStacheldraht mit Tod geladen\u2026\u201c \u00fcber den ersten \u00d6sterreicher-Transport in das KZ Dachau wurden Biografien aller H\u00e4ftlinge des so genannten \u201eProminententransports\u201c erstellt und Fotos dieser Personen in \u00f6ffentlichen Archiven sowie Privatsammlungen recherchiert.<\/p>\r\n\r\n\r\n\r\n<p><!--more--><\/p>\r\n\r\n\r\n\r\n<p>In der Zugangsliste des Konzentrationslagers Dachau waren am 2. April auch Sicherheitsbeamte aus Ober\u00f6sterreich und Salzburg. Auch ihre Biografien sind im Werk enthalten.<\/p>\r\n\r\n\r\n\r\n<p>Claudia Kuretsidis-Haider\/Rudolf Leo: \u201edachaureif \u201c. Der O\u0308sterreichertransport aus Wien in das Konzentrationslager Dachau am 1. April 1938. Biografische Skizzen der Opfer, Wien 2019, ISBN: 978-3-901142-75-8, 344 S., mit zahlr. Abb., \u20ac 25.<\/p>\r\n\r\n\r\n\r\n<p>Herausgegeben vom Dokumentationsarchiv des \u00f6sterreichischen Widerstandes und von der Zentralen \u00f6sterreichischen Forschungsstelle Nachkriegsjustiz.<\/p>\r\n<p>&nbsp;<\/p>\r\n<h2 style=\"text-align: center;\">****<\/h2>\r\n<h2>&nbsp;<\/h2>\r\n\r\n\r\n\r\n<figure class=\"wp-block-image\"><img loading=\"lazy\" decoding=\"async\" width=\"292\" height=\"300\" class=\"wp-image-76\" src=\"https:\/\/agt.624.mytemp.website\/rlwp\/wp-content\/uploads\/2016\/03\/Buch-1-292x300.jpg\" alt=\"\"><\/figure>\r\n\r\n\r\n\r\n<h3 class=\"has-medium-font-size\"><strong>Rudolf Leo, Pinzgau unterm Hakenkreuz, Otto M\u00fcller Verlag, Salzburg 2013<\/strong><\/h3>\r\n\r\n\r\n\r\n<p>Am 29. M\u00e4rz 1931, sieben Jahre vor dem so genannten &#8222;Anschluss&#8220;, finden im Land Salzburg Gemeinderatswahlen statt. Im Pinzgauer Kurort Zell am See votieren, von der \u00d6ffentlichkeit weitgehend unbemerkt, bereits rund 30 Prozent f\u00fcr die Nationalsozialisten! Bisher unver\u00f6ffentlichte Dokumente zeigen, wie fr\u00fch die Hitlerbewegung im Pinzgau massive Erfolge verzeichnen konnte. Dar\u00fcber hinaus widmet sich dieses Buch in besonderem Ma\u00dfe den Opfern des Widerstands. Wie im gesamten &#8222;Deutschen Reich&#8220; werden auch in den Salzburger T\u00e4lern Frauen und M\u00e4nner verfolgt, inhaftiert und vernichtet. Das Schicksal dieser Menschen ob Sozialdemokraten, Kommunisten, Christlich-Soziale, Kritiker, Deserteure, Priester, Roma und Sinti, Juden oder Zwangsarbeiter hat der Historiker Rudolf Leo akribisch recherchiert. Seinem Geschichtsverst\u00e4ndnis einer Geschichte von unten entsprechend, gibt er nicht nur den Opfern der NS-Verfolgung eine Stimme, sondern setzt sich auch mit dem politischen Alltag in der Region auseinander.<\/p>\r\n\r\n\r\n\r\n<p><em><strong><span style=\"text-decoration: underline;\">Die zweite Auflage des Buches Pinzgau unterm Hakenkreuz erschien im Dezember 2013<\/span><\/strong><\/em><\/p>\r\n<p>&nbsp;<\/p>\r\n<h2 style=\"text-align: center;\">****<\/h2>\r\n<p>&nbsp;<\/p>\r\n\r\n\r\n\r\n<figure class=\"wp-block-image\"><img loading=\"lazy\" decoding=\"async\" width=\"249\" height=\"300\" class=\"wp-image-337\" src=\"https:\/\/agt.624.mytemp.website\/rlwp\/wp-content\/uploads\/2016\/03\/Bruckbuch-249x300.jpg\" alt=\"bruckbuch\"><\/figure>\r\n\r\n\r\n\r\n<h3 class=\"has-medium-font-size\"><strong>Rudolf Leo, Bruck unterm Hakenkreuz, Otto M\u00fcller Verlag, Salzburg 2015<\/strong><\/h3>\r\n\r\n\r\n\r\n<p>Bruck an der Gro\u00dfglocknerstra\u00dfe ist eine der ersten Gemeinden im Pinzgau (Land Salzburg), die eine umfassende wissenschaftliche Aufarbeitung ihrer Gemeinde \u00fcber die Zeit w\u00e4hrend des Nationalsozialismus durchf\u00fchren l\u00e4sst \u2013 in der Ortschronik fehlten diese Jahre bisher. Bruck nimmt w\u00e4hrend der NS-Zeit durch seine geografische Lage eine besondere Stellung ein: Der Bau der Gro\u00dfglocknerstra\u00dfe, bringt tausende Arbeitslose in die Region; durch die Errichtung eines Au\u00dfenlagers des Konzentrationslagers Dachau im Schloss Fischhorn werden KZ-H\u00e4ftlinge nach Bruck deportiert; die Errichtung des Wasserkraftwerkes Kaprun bringt Zwangsarbeiter in die Gegend. Eines der grausamsten Ereignisse in der Geschichte der Gemeinde beginnt im Behindertenheim St. Anton: mindestens 46 ehemalige Bewohner der Caritas Anstalt werden von den Nationalsozialisten ermordet. Der Historiker Rudolf Leo nimmt nun nach seinem erfolgreichen Buch <em>Der Pinzgau unterm Hakenkreuz<\/em> die Gemeinde Bruck in den Blick, hat Opferbiographien recherchiert, Akten gesichtet, Dokumente \u00fcber das Schicksal ermordeter zusammengetragen. Unter anderem konnte er \u2013 nach mehr als 70 Jahren Ungewissheit \u2013 der italienischen Familie Groppo aus Mason die Todesumst\u00e4nde ihres Sohnes, Bruders und Neffen Giuseppe mitteilen, der als junger Bursche in den Pinzgau zur Zwangsarbeit verschleppt wurde und bei einem Fluchtversuch in den Alpen erfror.<\/p>\r\n<p>&nbsp;<\/p>\r\n<h2 style=\"text-align: center;\">****<\/h2>\r\n<p>&nbsp;<\/p>\r\n\r\n\r\n\r\n<figure class=\"wp-block-image\"><img loading=\"lazy\" decoding=\"async\" width=\"300\" height=\"224\" class=\"wp-image-346\" src=\"https:\/\/agt.624.mytemp.website\/rlwp\/wp-content\/uploads\/2016\/03\/Literatur-300x224.jpg\" alt=\"literatur\"><\/figure>\r\n\r\n\r\n\r\n<h2>&nbsp;<\/h2>\r\n<h2><strong>Weitere Publikationen<\/strong>:<\/h2>\r\n\r\n\r\n\r\n<p>Marko Feingold &#8222;Niemals Vergessen&#8220;, In: Menschen im Andr\u00e4viertel, Stadtteilgeschichten Salzburg, Renate B\u00f6hm (Hg) bom&amp;bom, Salzburg 2018<\/p>\r\n\r\n\r\n\r\n<p>B\u00fcrgerrecht f\u00fcr Mitspieler &#8211; Rechtliche Tips f\u00fcr initiative B\u00fcrger\/innen. (Beran, Heinrich, Kladensky, Steinhauer) Falter Verlag, Wien 1996<\/p>\r\n\r\n\r\n\r\n<p>Die Pr\u00fcgelknaben der Nation &#8211; Chronik einer Schande. (Petrovic, Anschober Hrsg., Mader, Kamhuber, Hohenberger) Edition va bene, Wien, 1995<\/p>\r\n\r\n\r\n\r\n<p>&#8222;Gr\u00fcnes Konzept zur \u00f6ffentlichen Sicherheit&#8220; (Pilz, Anschober, Jerusalem, Brugger, V\u00f6lker, Briger, Fuchs) Gr\u00fcne Bildungswerkstatt, Wien, 1994<\/p>\r\n\r\n\r\n\r\n<p>LEGAL, ILLEGAL&#8230; &#8211; Rechtliche Tips f\u00fcr m\u00fcndige B\u00fcrger\/innen. (Beran, Heinrich, Kladensky, Steinhauer) edition sandkorn, 1. Auflage 1990, 2. \u00fcberarbeitete Auflage, Linz 1992<\/p>\r\n\r\n\r\n\r\n<p>&#8222;Alpen-Stasi&#8220; &#8211; Die 2. Republik im Zerrspiegel der Staatspolizei. (Zeger, Prader, Sassmann, Davy, Noll) edition sandkorn, Linz 1990<\/p>\r\n\r\n\r\n\r\n<p>Pr\u00fcgelnde Polizisten &#8211; Zum 40. Jahrestag der Erkl\u00e4rung der Menschenrechte. (Mit Beitr\u00e4gen von: Staudinger, Pilz, Novak, Zembaty, Pochieser, Hornyik, Prader) Hrsg.: Der Gr\u00fcne Klub im Parlament, Eigenverlag, 1988<\/p>\r\n\r\n\r\n\r\n<h3><strong>Wissenschaftliche Arbeiten:<\/strong><\/h3>\r\n\r\n\r\n\r\n<p>Rudolf Leo &#8211; Die NS-Vergangenheit des Personals am Pavillon 15 &#8222;Am Steinhof&#8220; und an der &#8222;Rett-Klinik&#8220;<br>Beitrag in Hemma Mayerhofer, Gudrun Wolfgruber, Katja Geiger, Walter Hammerschick, Veronika Reidinger (Hg.), Kinder und Jugendliche mit Behinderungen in der Wiener Psychiatrie von 1945 bis 1989, Station\u00e4re Unterbringung am Steinhof und Rosenh\u00fcgel, Schriften zur Rechts- und Kriminalsoziologie, Band 8, LIT Verlag, Wien 2017<\/p>\r\n\r\n\r\n\r\n<p>Mitarbeit am Endbericht der Wilhelminenbergkommission (Wien, 2013)<\/p>\r\n\r\n\r\n\r\n<p><a href=\"http:\/\/www.kommission-wilhelminenberg.at\/presse\/jun2013\/Bericht-Wilhelminenberg-web_code.pdf\">http:\/\/www.kommission-wilhelminenberg.at\/presse\/jun2013\/Bericht-Wilhelminenberg-web_code.pdf<\/a><\/p>\r\n\r\n\r\n\r\n<p>Dissertation: &#8222;Der Nationalsozialismus im Pinzgau (Land Salzburg) 1930 bis 1945 &#8220; Widerstand und Verfolgung &#8211; Diktatur in der Provinz\u201c (Institut f\u00fcr Zeitgeschichte, Universit\u00e4t Wien, 2012)<\/p>\r\n\r\n\r\n\r\n<p>\u201eFu\u00dfball im Konzentrationslager\u201c (Wien, 2008)<\/p>\r\n\r\n\r\n\r\n<p>\u201eDer W\u00e4hringer j\u00fcdische Friedhof w\u00e4hrend des Nationalsozialismus\u201c (Wien, 2008)<\/p>\r\n\r\n\r\n\r\n<p>Diplomarbeit: \u201eSteckt \u00d6sterreichs duale Lehrlingsausbildung in einer Krise? \u2013 Die duale Lehrlingsausbildung im Parteienvergleich\u201c (Institut f\u00fcr Erziehungswissenschaften, Universit\u00e4t Wien, 1994)<\/p>\r\n\r\n\r\n\r\n<p>&nbsp;<\/p>\r\n","protected":false},"excerpt":{"rendered":"<p>Rudolf Leo, Versteckt und verschwiegen, Erinnerungen von Siegfried Loewe, Otto M\u00fcller Verlag, Salzburg 2022 Nur wenigen wird die Auszeichnung zuteil,&hellip;<\/p>\n","protected":false},"author":1,"featured_media":508,"parent":0,"menu_order":0,"comment_status":"closed","ping_status":"closed","template":"","meta":{"ngg_post_thumbnail":0,"footnotes":""},"class_list":["post-96","page","type-page","status-publish","has-post-thumbnail","hentry"],"_links":{"self":[{"href":"https:\/\/www.zeit-geschichte.com\/rlwp\/wp-json\/wp\/v2\/pages\/96","targetHints":{"allow":["GET"]}}],"collection":[{"href":"https:\/\/www.zeit-geschichte.com\/rlwp\/wp-json\/wp\/v2\/pages"}],"about":[{"href":"https:\/\/www.zeit-geschichte.com\/rlwp\/wp-json\/wp\/v2\/types\/page"}],"author":[{"embeddable":true,"href":"https:\/\/www.zeit-geschichte.com\/rlwp\/wp-json\/wp\/v2\/users\/1"}],"replies":[{"embeddable":true,"href":"https:\/\/www.zeit-geschichte.com\/rlwp\/wp-json\/wp\/v2\/comments?post=96"}],"version-history":[{"count":29,"href":"https:\/\/www.zeit-geschichte.com\/rlwp\/wp-json\/wp\/v2\/pages\/96\/revisions"}],"predecessor-version":[{"id":1400,"href":"https:\/\/www.zeit-geschichte.com\/rlwp\/wp-json\/wp\/v2\/pages\/96\/revisions\/1400"}],"wp:featuredmedia":[{"embeddable":true,"href":"https:\/\/www.zeit-geschichte.com\/rlwp\/wp-json\/wp\/v2\/media\/508"}],"wp:attachment":[{"href":"https:\/\/www.zeit-geschichte.com\/rlwp\/wp-json\/wp\/v2\/media?parent=96"}],"curies":[{"name":"wp","href":"https:\/\/api.w.org\/{rel}","templated":true}]}}