{"id":105,"date":"2016-03-10T13:10:47","date_gmt":"2016-03-10T12:10:47","guid":{"rendered":"https:\/\/agt.624.mytemp.website\/rlwp\/?page_id=105"},"modified":"2022-06-07T10:57:35","modified_gmt":"2022-06-07T08:57:35","slug":"impressum","status":"publish","type":"page","link":"https:\/\/www.zeit-geschichte.com\/rlwp\/impressum\/","title":{"rendered":"Impressum"},"content":{"rendered":"\n<p><span style=\"color: #000000;\">Dies ist die pers\u00f6nliche Webseite von Mag. Dr. Rudolf Leo<\/span><\/p>\n\n\n\n<p><a href=\"mailto:leo.rudolf@chello.at\">leo.rudolf@chello.at<\/a><\/p>\n\n\n\n<p><span style=\"color: #000000;\">Die Website einschlie\u00dflich aller ihrer Teile ist urheberrechtlich gesch\u00fctzt.<\/span><\/p>\n\n\n\n<p><span style=\"color: #000000;\">Rechtshinweis: Rudolf Leo \u00fcbernimmt keine Verantwortung f\u00fcr die Rechtm\u00e4\u00dfigkeit der auf anderen von uns durch Links referenzierten Websites ver\u00f6ffentlichten Inhalte. F\u00fcr die Inhalte sind ausschlie\u00dflich die jeweiligen Betreiber bzw. Inhaber der Domains selbst verantwortlich. Rudolf Leo \u00fcbernimmt keine Haftung f\u00fcr Sch\u00e4den, die aus der Benutzung dieser oder fremder Websites entstehen k\u00f6nnten.<\/span><\/p>\n","protected":false},"excerpt":{"rendered":"<p>Dies ist die pers\u00f6nliche Webseite von Mag. Dr. Rudolf Leo leo.rudolf@chello.at Die Website einschlie\u00dflich aller ihrer Teile ist urheberrechtlich gesch\u00fctzt.&hellip;<\/p>\n","protected":false},"author":1,"featured_media":0,"parent":0,"menu_order":0,"comment_status":"closed","ping_status":"closed","template":"","meta":{"ngg_post_thumbnail":0,"footnotes":""},"class_list":["post-105","page","type-page","status-publish","hentry"],"_links":{"self":[{"href":"https:\/\/www.zeit-geschichte.com\/rlwp\/wp-json\/wp\/v2\/pages\/105","targetHints":{"allow":["GET"]}}],"collection":[{"href":"https:\/\/www.zeit-geschichte.com\/rlwp\/wp-json\/wp\/v2\/pages"}],"about":[{"href":"https:\/\/www.zeit-geschichte.com\/rlwp\/wp-json\/wp\/v2\/types\/page"}],"author":[{"embeddable":true,"href":"https:\/\/www.zeit-geschichte.com\/rlwp\/wp-json\/wp\/v2\/users\/1"}],"replies":[{"embeddable":true,"href":"https:\/\/www.zeit-geschichte.com\/rlwp\/wp-json\/wp\/v2\/comments?post=105"}],"version-history":[{"count":4,"href":"https:\/\/www.zeit-geschichte.com\/rlwp\/wp-json\/wp\/v2\/pages\/105\/revisions"}],"predecessor-version":[{"id":830,"href":"https:\/\/www.zeit-geschichte.com\/rlwp\/wp-json\/wp\/v2\/pages\/105\/revisions\/830"}],"wp:attachment":[{"href":"https:\/\/www.zeit-geschichte.com\/rlwp\/wp-json\/wp\/v2\/media?parent=105"}],"curies":[{"name":"wp","href":"https:\/\/api.w.org\/{rel}","templated":true}]}}