{"id":10,"date":"2016-03-07T14:49:06","date_gmt":"2016-03-07T13:49:06","guid":{"rendered":"https:\/\/agt.624.mytemp.website\/rlwp\/?page_id=10"},"modified":"2025-09-11T17:43:19","modified_gmt":"2025-09-11T15:43:19","slug":"rudi-leo","status":"publish","type":"page","link":"https:\/\/www.zeit-geschichte.com\/rlwp\/rudi-leo\/","title":{"rendered":"Rudolf LEO"},"content":{"rendered":"\r\n<p>&nbsp;<\/p>\r\n<p><img loading=\"lazy\" decoding=\"async\" class=\"alignnone  wp-image-1281\" src=\"https:\/\/www.zeit-geschichte.com\/rlwp\/wp-content\/uploads\/2025\/02\/rudi_orf_zeit.geschichte1-300x202.jpg\" alt=\"\" width=\"422\" height=\"284\" srcset=\"https:\/\/www.zeit-geschichte.com\/rlwp\/wp-content\/uploads\/2025\/02\/rudi_orf_zeit.geschichte1-300x202.jpg 300w, https:\/\/www.zeit-geschichte.com\/rlwp\/wp-content\/uploads\/2025\/02\/rudi_orf_zeit.geschichte1.jpg 739w\" sizes=\"auto, (max-width: 422px) 100vw, 422px\" \/><\/p>\r\n\r\n\r\n\r\n<h2><strong>LEO Rudolf<\/strong><\/h2>\r\n\r\n\r\n\r\n<p>E-Mail: <a href=\"mailto:leo.rudolf@chello.at\">leo.rudolf@chello.at<\/a><\/p>\r\n\r\n\r\n\r\n<p>http:\/\/zeit-geschichte.com\/<\/p>\r\n\r\n\r\n\r\n<p>&nbsp;<\/p>\r\n\r\n\r\n\r\n<p><a href=\"https:\/\/www.facebook.com\/rudolf.leo\">https:\/\/www.facebook.com\/rudolf.leo<\/a><\/p>\r\n\r\n\r\n\r\n<h2><strong>Berufserfahrung<\/strong><\/h2>\r\n\r\n\r\n\r\n<p>2021 bis 2024 &#8211; Mitarbeiter im Dokumentationsarchiv des \u00f6sterreichischen Widerstandes (D\u00d6W) &#8211; Projekt Swietelsky<\/p>\r\n\r\n\r\n\r\n<p>2015 bis 2017 \u2013 Mitarbeiter im Forschungsteam \u201eMenschen mit Behinderung in der Wiener Psychiatrie von der Nachkriegszeit bis in die 1980er Jahre\u201c (Institut f\u00fcr Rechts- und Kriminalsoziologie)<\/p>\r\n\r\n\r\n\r\n<p>Seit 2013 \u2013 Medienbeauftragter der Forschungsstelle Nachkriegsjustiz im Dokumentationsarchiv des \u00f6sterreichischen Widerstandes<\/p>\r\n\r\n\r\n\r\n<p>2013\/2014 \u2013 Forschungsauftrag der Gemeinde Bruck an der Gro\u00dfglocknerstra\u00dfe \u201eBruck unterm Hakenkreuz\u201c<\/p>\r\n\r\n\r\n\r\n<p>Seit 2012 \u2013 Lehrauftrag f\u00fcr Geschichte an der Universit\u00e4t Linz (Studienberechtigungslehrgang)<\/p>\r\n\r\n\r\n\r\n<p>2012\/2013 \u2013 Mitarbeiter im Forschungsteam der Wiener Wilhelminenbergkommission<\/p>\r\n\r\n\r\n\r\n<p>1997&nbsp; bis&nbsp; 2012 &#8211; Pressesprecher in verschiedenen Landesregierungen<\/p>\r\n\r\n\r\n\r\n<p>1991 bis 1995 \u2013 Referent f\u00fcr Projektkoordination und Durchf\u00fchrung wissenschaftlicher Recherchen<\/p>\r\n\r\n\r\n\r\n<p>Dezember 1989 bis M\u00e4rz 1990 \u2013 Mitarbeiter im parlamentarischen &#8222;Noricum&#8220; Untersuchungsausschuss<\/p>\r\n\r\n\r\n\r\n<p>1987 bis 1990 \u2013 \u00d6ffentlichkeitsarbeit in der Elternselbsthilfegruppe &#8222;\u00d6sterreichischen Autistenhilfe&#8220;<\/p>\r\n\r\n\r\n\r\n<p>1984 bis 1986 \u2013 Erzieher f\u00fcr entwicklungsbehinderte Kinder im &#8222;Clara-Fey&#8220; Kinderheim in Wien; daneben Einzelbetreuung eines autistisch behinderten Jugendlichen<\/p>\r\n\r\n\r\n\r\n<p>M\u00e4rz bis November 1983 \u2013 Mitarbeiter im Planungsb\u00fcro des Ausstellungszentrums in der Stadt Salzburg<\/p>\r\n\r\n\r\n\r\n<p>November 1982 bis M\u00e4rz 1983 \u2013 Reise durch Lateinamerika<\/p>\r\n\r\n\r\n\r\n<p>Februar bis November 1982 \u2013 Zivildienst beim Roten Kreuz in Radstadt\/ Land Salzburg<\/p>\r\n\r\n\r\n\r\n<p>1980 bis 1982 \u2013 Einzelhandelskaufmann in M\u00fcnchen<\/p>\r\n\r\n\r\n\r\n<p>1977 bis 1980 \u2013 Lehre als Einzelhandelskaufmann in Mittersill\/ Land Salzburg<\/p>\r\n\r\n\r\n\r\n<h2><strong>Schul- und Berufsbildung<\/strong><\/h2>\r\n\r\n\r\n\r\n<p>November 2012 \u2013 Abschluss Doktoratsstudium am Institut f\u00fcr Zeitgeschichte, Universit\u00e4t Wien<\/p>\r\n\r\n\r\n\r\n<p>Oktober 1994 \u2013 Zweite (kommissionelle) Diplompr\u00fcfung f\u00fcr P\u00e4dagogik, Universit\u00e4t Wien<\/p>\r\n\r\n\r\n\r\n<p>Februar 1993 \u2013 Zweite Diplompr\u00fcfung f\u00fcr Sonder- und Heilp\u00e4dagogik, Universit\u00e4t Wien<\/p>\r\n\r\n\r\n\r\n<p>Juni 1991 \u2013 Erste Diplompr\u00fcfung f\u00fcr P\u00e4dagogik, Universit\u00e4t Wien<\/p>\r\n\r\n\r\n\r\n<p>M\u00e4rz 1991 \u2013 Erste Diplompr\u00fcfung f\u00fcr Sonder- und Heilp\u00e4dagogik, Universit\u00e4t Wien<\/p>\r\n\r\n\r\n\r\n<p>November 1987 \u2013 Berufsreifepr\u00fcfung f\u00fcr P\u00e4dagogik sowie Sonder- und Heilp\u00e4dagogik, Universit\u00e4t Wien<\/p>\r\n\r\n\r\n\r\n<p>Dezember 1986 \u2013 Grundkurs der Wiener Jugendleiterschule<\/p>\r\n\r\n\r\n\r\n<p>1973 bis 1977 \u2013 Hauptschule in Bramberg\/ Land Salzburg<\/p>\r\n\r\n\r\n\r\n<p>1968 bis 1973 \u2013 Volksschule in Bramberg\/ Land Salzburg<\/p>\r\n\r\n\r\n\r\n<h2><strong>Publikationen<\/strong><\/h2>\r\n\r\n\r\n\r\n<p>Versteckt und verschwiegen, Erinnerungen von Siegfried Loewe, Otto M\u00fcller Verlag, Salzburg 2022<\/p>\r\n\r\n\r\n\r\n<p>Claudia Kuretsidis-Haider\/Rudolf Leo: \u201edachaureif \u201c. Der \u00d6sterreichertransport aus Wien in das Konzentrationslager Dachau am 1. April 1938. Biografische Skizzen der Opfer, Wien 2019, ISBN: 978-3-901142-75-8, 344 S., mit zahlr. Abb. Herausgegeben vom Dokumentationsarchiv des \u00f6sterreichischen Widerstandes und von der Zentralen \u00f6sterreichischen Forschungsstelle Nachkriegsjustiz.<\/p>\r\n\r\n\r\n\r\n<p>Die NS-Vergangenheit des Personals am Pavillon 15 &#8222;Am Steinhof&#8220; und der &#8222;Rett-Klinik&#8220;, In: Hayerhofer, Wolfgruber, Geier, Hammerschick, Reidinger (Hg.) Kinder und Jugendliche mit Behinderungen in der Wiener Psychiatrie von 1945 bis 1989, LIT Verlag, Wien 2017<\/p>\r\n\r\n\r\n\r\n<p>Bruck unterm Hakenkreuz, Otto M\u00fcller Verlag, Salzburg 2015<\/p>\r\n\r\n\r\n\r\n<p>Pinzgau unterm Hakenkreuz, Otto M\u00fcller Verlag, Salzburg 2013<\/p>\r\n\r\n\r\n\r\n<p>B\u00fcrgerrecht f\u00fcr Mitspieler &#8211; Rechtliche Tips f\u00fcr initiative B\u00fcrger\/innen. (Beran, Heinrich, Kladensky, Steinhauer) Falter Verlag, Wien 1996<\/p>\r\n\r\n\r\n\r\n<p>Die Pr\u00fcgelknaben der Nation &#8211; Chronik einer Schande. (Petrovic, Anschober Hrsg., Mader, Kamhuber, Hohenberger) Edition va bene, Wien, 1995<\/p>\r\n\r\n\r\n\r\n<p>&#8222;Gr\u00fcnes Konzept zur \u00f6ffentlichen Sicherheit&#8220; (Pilz, Anschober, Jerusalem, Brugger, V\u00f6lker, Briger, Fuchs) Gr\u00fcne Bildungswerkstatt, Wien, 1994<\/p>\r\n\r\n\r\n\r\n<p>LEGAL, ILLEGAL&#8230; &#8211; Rechtliche Tips f\u00fcr m\u00fcndige B\u00fcrger\/innen. (Beran, Heinrich, Kladensky, Steinhauer) edition sandkorn, 1. Auflage 1990, 2. \u00fcberarbeitete Auflage, Linz 1992<\/p>\r\n\r\n\r\n\r\n<p>&#8222;Alpen-Stasi&#8220; &#8211; Die 2. Republik im Zerrspiegel der Staatspolizei. (Zeger, Prader, Sassmann, Davy, Noll) edition sandkorn, Linz 1990<\/p>\r\n\r\n\r\n\r\n<p>Pr\u00fcgelnde Polizisten &#8211; Zum 40. Jahrestag der Erkl\u00e4rung der Menschenrechte. (Mit Beitr\u00e4gen von: Staudinger, Pilz, Novak, Zembaty, Pochieser, Hornyik, Prader) Hrsg.: Der Gr\u00fcne Klub im Parlament, Eigenverlag, 1988<\/p>\r\n\r\n\r\n\r\n<h2><strong>Wissenschaftliche Arbeiten<\/strong><\/h2>\r\n\r\n\r\n\r\n<p>Mitarbeit am Endbericht der Wilhelminenbergkommission (Wien, 2013)<\/p>\r\n\r\n\r\n\r\n<p><a href=\"http:\/\/www.kommission-wilhelminenberg.at\/presse\/jun2013\/Bericht-Wilhelminenberg-web_code.pdf\">http:\/\/www.kommission-wilhelminenberg.at\/presse\/jun2013\/Bericht-Wilhelminenberg-web_code.pdf<\/a><\/p>\r\n\r\n\r\n\r\n<p>Dissertation: &#8222;Der Nationalsozialismus im Pinzgau (Land Salzburg) 1930 bis 1945 <a name=\"_Toc266097954\"><\/a>Widerstand und Verfolgung &#8211; Diktatur in der Provinz&#8220; (Institut f\u00fcr Zeitgeschichte, Universit\u00e4t Wien, 2012)<\/p>\r\n\r\n\r\n\r\n<p>&#8222;Fu\u00dfball im Konzentrationslager\u201c (Wien, 2008)<\/p>\r\n\r\n\r\n\r\n<p>&#8222;Der W\u00e4hringer j\u00fcdische Friedhof w\u00e4hrend des Nationalsozialismus\u201c (Wien, 2008)<\/p>\r\n\r\n\r\n\r\n<p>Diplomarbeit: &#8222;Steckt \u00d6sterreichs duale Lehrlingsausbildung in einer Krise? \u2013 Die duale Lehrlingsausbildung im Parteienvergleich\u201c (Institut f\u00fcr Erziehungswissenschaften, Universit\u00e4t Wien, 1994)<\/p>\r\n<h2><strong>Auszeichnung<\/strong><\/h2>\r\n<p>2025 &#8211; Volkskulturpreis des Landes Salzburg f\u00fcr den Verein &#8222;Historischer Pinzgau&#8220;<\/p>\r\n","protected":false},"excerpt":{"rendered":"<p>&nbsp; LEO Rudolf E-Mail: leo.rudolf@chello.at http:\/\/zeit-geschichte.com\/ &nbsp; https:\/\/www.facebook.com\/rudolf.leo Berufserfahrung 2021 bis 2024 &#8211; Mitarbeiter im Dokumentationsarchiv des \u00f6sterreichischen Widerstandes (D\u00d6W)&hellip;<\/p>\n","protected":false},"author":1,"featured_media":0,"parent":0,"menu_order":0,"comment_status":"closed","ping_status":"closed","template":"","meta":{"ngg_post_thumbnail":0,"footnotes":""},"class_list":["post-10","page","type-page","status-publish","hentry"],"_links":{"self":[{"href":"https:\/\/www.zeit-geschichte.com\/rlwp\/wp-json\/wp\/v2\/pages\/10","targetHints":{"allow":["GET"]}}],"collection":[{"href":"https:\/\/www.zeit-geschichte.com\/rlwp\/wp-json\/wp\/v2\/pages"}],"about":[{"href":"https:\/\/www.zeit-geschichte.com\/rlwp\/wp-json\/wp\/v2\/types\/page"}],"author":[{"embeddable":true,"href":"https:\/\/www.zeit-geschichte.com\/rlwp\/wp-json\/wp\/v2\/users\/1"}],"replies":[{"embeddable":true,"href":"https:\/\/www.zeit-geschichte.com\/rlwp\/wp-json\/wp\/v2\/comments?post=10"}],"version-history":[{"count":31,"href":"https:\/\/www.zeit-geschichte.com\/rlwp\/wp-json\/wp\/v2\/pages\/10\/revisions"}],"predecessor-version":[{"id":1515,"href":"https:\/\/www.zeit-geschichte.com\/rlwp\/wp-json\/wp\/v2\/pages\/10\/revisions\/1515"}],"wp:attachment":[{"href":"https:\/\/www.zeit-geschichte.com\/rlwp\/wp-json\/wp\/v2\/media?parent=10"}],"curies":[{"name":"wp","href":"https:\/\/api.w.org\/{rel}","templated":true}]}}